{"id":3278,"date":"2023-10-30T05:15:10","date_gmt":"2023-10-30T05:15:10","guid":{"rendered":"https:\/\/prague.foxthemes.me\/elementor\/?page_id=3278"},"modified":"2025-05-05T12:37:14","modified_gmt":"2025-05-05T12:37:14","slug":"hakkimizda","status":"publish","type":"page","link":"https:\/\/flyanatolia.aero\/tr\/hakkimizda\/","title":{"rendered":"Hakk\u0131m\u0131zda"},"content":{"rendered":"\t\t<div data-elementor-type=\"wp-page\" data-elementor-id=\"3278\" class=\"elementor elementor-3278\" data-elementor-post-type=\"page\">\n\t\t\t\t<div class=\"elementor-element elementor-element-98ca163 e-con-full e-flex e-con e-parent\" data-id=\"98ca163\" data-element_type=\"container\">\n\t\t\t\t<div class=\"elementor-element elementor-element-27097f1 elementor-widget__width-inherit elementor-widget elementor-widget-banner-title\" data-id=\"27097f1\" data-element_type=\"widget\" data-widget_type=\"banner-title.default\">\n\t\t\t\t<div class=\"elementor-widget-container\">\n\t\t\t\t\t\t\t<section class=\"container-fluid top-banner no-padd  simple fullheight light\">\t\t\t\t<span class=\"overlay\"><\/span>\n\t\t\t<img decoding=\"async\" src=\"https:\/\/flyanatolia.aero\/tr\/wp-content\/uploads\/2025\/05\/WhatsApp-Image-2025-05-02-at-18.17.45.jpeg\" class=\"s-img-switch\" alt=\"\" \/>\t\t\t<div class=\"content\">\n\t\t\t\t<div class=\"prague-svg-animation-text\">\n\t\t\t\t\t\t\t\t\t<\/div>\n\t\t\t\t\t\t\t\t<h1 class=\"title\">Hakk\u0131m\u0131zda<\/h1>\t\t\t\t\t\t\t\t\t\t\t<\/div>\n\t\t\t<div class=\"top-banner-cursor\"><\/div>\n\t\t<\/section>\n\t\t\t\t\t\t<\/div>\n\t\t\t\t<\/div>\n\t\t\t\t<\/div>\n\t\t<div class=\"elementor-element elementor-element-0b11628 e-flex e-con-boxed e-con e-parent\" data-id=\"0b11628\" data-element_type=\"container\">\n\t\t\t\t\t<div class=\"e-con-inner\">\n\t\t<div class=\"elementor-element elementor-element-5dc36e2 e-con-full e-flex e-con e-child\" data-id=\"5dc36e2\" data-element_type=\"container\">\n\t\t\t\t<div class=\"elementor-element elementor-element-535182f elementor-widget elementor-widget-image\" data-id=\"535182f\" data-element_type=\"widget\" data-widget_type=\"image.default\">\n\t\t\t\t<div class=\"elementor-widget-container\">\n\t\t\t\t\t\t\t\t\t\t\t\t\t\t\t<img fetchpriority=\"high\" decoding=\"async\" width=\"768\" height=\"536\" src=\"https:\/\/flyanatolia.aero\/tr\/wp-content\/uploads\/2025\/05\/Interior-III-768x536.png\" class=\"attachment-medium_large size-medium_large wp-image-5747\" alt=\"\" srcset=\"https:\/\/flyanatolia.aero\/tr\/wp-content\/uploads\/2025\/05\/Interior-III-768x536.png 768w, https:\/\/flyanatolia.aero\/tr\/wp-content\/uploads\/2025\/05\/Interior-III-300x209.png 300w, https:\/\/flyanatolia.aero\/tr\/wp-content\/uploads\/2025\/05\/Interior-III-1024x714.png 1024w, https:\/\/flyanatolia.aero\/tr\/wp-content\/uploads\/2025\/05\/Interior-III-500x349.png 500w, https:\/\/flyanatolia.aero\/tr\/wp-content\/uploads\/2025\/05\/Interior-III.png 1500w\" sizes=\"(max-width: 768px) 100vw, 768px\" \/>\t\t\t\t\t\t\t\t\t\t\t\t\t\t\t<\/div>\n\t\t\t\t<\/div>\n\t\t\t\t<\/div>\n\t\t<div class=\"elementor-element elementor-element-650bce6 e-con-full e-flex e-con e-child\" data-id=\"650bce6\" data-element_type=\"container\">\n\t\t\t\t<div class=\"elementor-element elementor-element-81282a6 elementor-widget elementor-widget-html\" data-id=\"81282a6\" data-element_type=\"widget\" data-widget_type=\"html.default\">\n\t\t\t\t<div class=\"elementor-widget-container\">\n\t\t\t\t\t<!DOCTYPE html>\r\n<html lang=\"en\">\r\n<head>\r\n  <meta charset=\"UTF-8\">\r\n  <style>\r\n    @font-face {\r\n      font-family: 'Giflika';\r\n      src: url('https:\/\/matrixrealty.ae\/wp-content\/uploads\/fonts\/248169530.woff2') format('woff2');\r\n      font-weight: 600;\r\n      font-style: normal;\r\n    }\r\n\r\n    .ffgiflika-title {\r\n      font-family: 'Giflika', sans-serif;\r\n      font-weight: 600;\r\n      font-size: 48px;\r\n      color: #000!important;\r\n      text-align: center;\r\n      margin-top: 0px;\r\n        text-align: left !important;\r\n    }\r\n  <\/style>\r\n<\/head>\r\n<body>\r\n  <h1 class=\"ffgiflika-title\">FlyAnatolia<\/h1>\r\n<\/body>\r\n<\/html>\r\n\t\t\t\t<\/div>\n\t\t\t\t<\/div>\n\t\t\t\t<div class=\"elementor-element elementor-element-29d3697 elementor-widget elementor-widget-text-editor\" data-id=\"29d3697\" data-element_type=\"widget\" data-widget_type=\"text-editor.default\">\n\t\t\t\t<div class=\"elementor-widget-container\">\n\t\t\t\t\t\t\t\t\t<p style=\"text-align: justify;\">\nFlyAnatolia, ulusal ve uluslararas\u0131 alanda \u00f6zel seyahat deneyimlerini farkl\u0131la\u015ft\u0131rmak ve hava taksi hizmetlerini en \u00fcst seviyeye ta\u015f\u0131mak amac\u0131yla kurulmu\u015f bir havac\u0131l\u0131k \u015firketidir. Operasyonlar\u0131m\u0131z\u0131 5 saatlik u\u00e7u\u015f menziline sahip Hawker 900XP u\u00e7a\u011f\u0131m\u0131z, deneyimli ekibimiz ve \u201cdi\u011ferlerinden farkl\u0131y\u0131z\u201d hizmet anlay\u0131\u015f\u0131m\u0131zla y\u00fcr\u00fct\u00fcyoruz.\n<\/p>\n\n<p style=\"text-align: justify;\">\nHer u\u00e7u\u015fta g\u00fcvenlik, gizlilik, dakiklik ve konfor sunmaya kararl\u0131y\u0131z. Bizim i\u00e7in havac\u0131l\u0131k sadece A noktas\u0131ndan B noktas\u0131na u\u00e7mak de\u011fildir \u2013 yolculuk boyunca nas\u0131l hissetti\u011finizdir. FlyAnatolia, her an\u0131n\u0131z\u0131 de\u011ferli k\u0131lmak i\u00e7in kanatlan\u0131yor\u2026\n<\/p>\n\t\t\t\t\t\t\t\t<\/div>\n\t\t\t\t<\/div>\n\t\t\t\t<\/div>\n\t\t\t\t\t<\/div>\n\t\t\t\t<\/div>\n\t\t<div class=\"elementor-element elementor-element-c3158f4 e-flex e-con-boxed e-con e-parent\" data-id=\"c3158f4\" data-element_type=\"container\">\n\t\t\t\t\t<div class=\"e-con-inner\">\n\t\t\t\t<div class=\"elementor-element elementor-element-4618383 elementor-widget elementor-widget-html\" data-id=\"4618383\" data-element_type=\"widget\" data-widget_type=\"html.default\">\n\t\t\t\t<div class=\"elementor-widget-container\">\n\t\t\t\t\t<!DOCTYPE html>\r\n<html lang=\"tr\">\r\n<head>\r\n  <meta charset=\"UTF-8\" \/>\r\n  <meta name=\"viewport\" content=\"width=device-width, initial-scale=1.0\"\/>\r\n\r\n  <link rel=\"preload\" href=\"https:\/\/ext.same-assets.com\/1668093310\/248169530.woff2\" as=\"font\" crossorigin \/>\r\n  <link rel=\"preload\" href=\"https:\/\/ext.same-assets.com\/1668093310\/2282759805.woff2\" as=\"font\" crossorigin \/>\r\n  <style>\r\n    :root {\r\n      --white: #fff;\r\n    }\r\n    @font-face {\r\n      font-family: 'Giflika';\r\n      src: url('https:\/\/ext.same-assets.com\/1668093310\/248169530.woff2') format('woff2');\r\n      font-weight: 600;\r\n      font-style: normal;\r\n    }\r\n    @font-face {\r\n      font-family: 'Avenir';\r\n      src: url('https:\/\/ext.same-assets.com\/1668093310\/2282759805.woff2') format('woff2');\r\n      font-weight: normal;\r\n      font-style: normal;\r\n    }\r\n    html,\r\n    body {\r\n      margin: 0;\r\n      padding: 0;\r\n      background: #f7f6f5;\r\n      color: #2d2d2d;\r\n      font-family: 'Avenir', Arial, sans-serif;\r\n      font-size: 18px;\r\n    }\r\n    .vision-mission-cards {\r\n      max-width: 1400px;\r\n      margin: 50px auto;\r\n      display: flex;\r\n      flex-wrap: wrap;\r\n      gap: 32px;\r\n      justify-content: center;\r\n      background: transparent;\r\n    }\r\n    .vision-mission-card {\r\n      background: var(--white);\r\n      border: 2px solid #B3A391;\r\n      border-radius: 20px;\r\n      box-sizing: border-box;\r\n      padding: 30px;\r\n      min-width: 320px;\r\n      max-width: 480px;\r\n      flex: 1 1 320px;\r\n      display: flex;\r\n      flex-direction: column;\r\n      align-items: stretch;\r\n      justify-content: flex-start;\r\n      transition: box-shadow 0.2s;\r\n      box-shadow: 0 2px 10px 0 rgba(41, 31, 33, 0.01);\r\n    }\r\n    .vision-mission-card h3 {\r\n      color: #69584B;\r\n      font-family: 'Giflika', serif;\r\n      font-weight: 600;\r\n      text-align: center;\r\n      margin: 0 0 16px 0;\r\n      font-size: 2rem;\r\n      letter-spacing: 0px;\r\n      line-height: 1.075;\r\n    }\r\n    .vision-mission-card p {\r\n      font-family: 'Avenir', Arial, sans-serif;\r\n      font-size: 16px;\r\n      color: #2d2d2d;\r\n      margin: 0;\r\n      line-height: 1.5;\r\n      text-align: left;\r\n      font-weight: normal;\r\n    }\r\n    @media (max-width: 1080px) {\r\n      .vision-mission-cards {\r\n        flex-direction: column;\r\n        gap: 24px;\r\n        padding: 0 4vw;\r\n      }\r\n      .vision-mission-card {\r\n        max-width: 100%;\r\n        margin: 0 auto;\r\n      }\r\n    }\r\n    @media (max-width: 600px) {\r\n      .vision-mission-cards { padding: 0 2vw; margin-top: 22px; }\r\n      .vision-mission-card { padding: 18px 7px 14px 7px; }\r\n      .vision-mission-card h3 { font-size: 1.36rem; }\r\n    }\r\n  <\/style>\r\n<\/head>\r\n<body>\r\n  <div class=\"vision-mission-cards\">\r\n    <div class=\"vision-mission-card\">\r\n      <h3>Hedeflerimiz<\/h3>\r\n      <p>\u00d6zel u\u00e7ak kiralamak olduk\u00e7a basit bir s\u00fcre\u00e7 gibi d\u00fc\u015f\u00fcn\u00fclse de san\u0131lan\u0131n aksine u\u00e7u\u015f \u00f6ncesi operasyonlardan ba\u015flayarak operasyon sonuna kadar ge\u00e7en s\u00fcre olduk\u00e7a karma\u015f\u0131k ve dikkatli y\u00f6netilmesi gereken ad\u0131mlar\u0131 i\u00e7erir. U\u00e7u\u015f \u00f6ncesi haz\u0131rl\u0131klar, (u\u00e7u\u015f planlamas\u0131, \u00fcst ge\u00e7i\u015f izinlerinin al\u0131nmas\u0131, catering ayarlanmas\u0131 vb.) hata kabul etmeyen \u00f6nemli operasyonel a\u015famalard\u0131r. FLYANATOLIA, ekibi y\u0131llard\u0131r bu s\u00fcre\u00e7leri dikkat ve titizlikle y\u00f6netmi\u015f uzmanlardan olu\u015fmaktad\u0131r. M\u00fc\u015fterilerin t\u00fcm talepleri ilgili u\u00e7u\u015f y\u00f6neticisi taraf\u0131ndan dikkatlice not edilir. Operasyon y\u00f6netimi u\u00e7ak hedef var\u0131\u015f noktas\u0131na ula\u015f\u0131l\u0131ncaya kadar g\u00f6revli u\u00e7u\u015f y\u00f6neticisi taraf\u0131ndan takip edilir. Amac\u0131m\u0131z, var\u0131\u015f noktan\u0131za g\u00fcvenli, zaman\u0131nda ve y\u00fczde y\u00fcz memnun bir \u015fekilde varman\u0131z\u0131 sa\u011flamakt\u0131r.<\/p>\r\n    <\/div>\r\n    <div class=\"vision-mission-card\">\r\n      <h3>Deneyim<\/h3>\r\n      <p>Tecr\u00fcbe ve m\u00fc\u015fteri odakl\u0131 vizyonumuzla hi\u00e7 ya\u015famad\u0131\u011f\u0131n\u0131z u\u00e7u\u015f deneyimini sizlere ya\u015fatmak i\u00e7in buraday\u0131z. FlyAnatolia charter ekibimizden 7\/24 hava taksi kiralama s\u00fcre\u00e7lerimiz hakk\u0131nda her zaman bilgi alabilirsiniz. Bizimle ger\u00e7ekle\u015ftirece\u011finiz her u\u00e7u\u015f, g\u00fcvenli\u011finizi, konforunuzu ve \u00f6zel hayat\u0131n\u0131z\u0131n gizlili\u011fini garanti eder. FlyAnatolia olarak kendi u\u00e7a\u011f\u0131m\u0131zla sizlere farkl\u0131 bir u\u00e7u\u015f tecr\u00fcbesi ile en iyi fiyat garantisini sunuyoruz. Y\u00fczde y\u00fcz m\u00fc\u015fteri memnuniyetini sa\u011flamay\u0131 ilke edinen FlyAnatolia ile m\u00fc\u015fterilerimize g\u00fcvenli, kaliteli, uygun maliyetli hava taksi hizmetleri sunuyoruz. <\/p>\r\n    <\/div>\r\n    <div class=\"vision-mission-card\">\r\n      <h3>Vizyonumuz<\/h3>\r\n      <p>Bizim i\u00e7in her operasyon ilktir ve her misafir \u00f6zeldir. Sekt\u00f6rde m\u00fc\u015fteri odakl\u0131 yakla\u015f\u0131m\u0131n \u00f6nc\u00fcs\u00fc olarak, seyahat etmenin sadece bir yerden bir yere seyahat etmek olmad\u0131\u011f\u0131n\u0131 kan\u0131tlamak i\u00e7in buraday\u0131z. Hava taksi hizmetlerini ulusal ve uluslararas\u0131 alanda temsil etmek ve sekt\u00f6r\u00fcn T\u00fcrkiye\u2019de lider firmas\u0131 olmak i\u00e7in 365 g\u00fcn 7\/24 hizmet vermeye haz\u0131r\u0131z. <\/p>\r\n    <\/div>\r\n  <\/div>\r\n<\/body>\r\n<\/html>\r\n\t\t\t\t<\/div>\n\t\t\t\t<\/div>\n\t\t\t\t\t<\/div>\n\t\t\t\t<\/div>\n\t\t\t\t<\/div>\n\t\t","protected":false},"excerpt":{"rendered":"<p>FlyAnatolia FlyAnatolia, ulusal ve uluslararas\u0131 alanda \u00f6zel seyahat deneyimlerini farkl\u0131la\u015ft\u0131rmak ve hava taksi hizmetlerini en \u00fcst seviyeye ta\u015f\u0131mak amac\u0131yla kurulmu\u015f<\/p>\n","protected":false},"author":1,"featured_media":0,"parent":0,"menu_order":0,"comment_status":"closed","ping_status":"closed","template":"elementor_header_footer","meta":{"inline_featured_image":false,"footnotes":""},"class_list":["post-3278","page","type-page","status-publish","hentry"],"featured_image_src":"","featured_image_src_square":"","_links":{"self":[{"href":"https:\/\/flyanatolia.aero\/tr\/wp-json\/wp\/v2\/pages\/3278","targetHints":{"allow":["GET"]}}],"collection":[{"href":"https:\/\/flyanatolia.aero\/tr\/wp-json\/wp\/v2\/pages"}],"about":[{"href":"https:\/\/flyanatolia.aero\/tr\/wp-json\/wp\/v2\/types\/page"}],"author":[{"embeddable":true,"href":"https:\/\/flyanatolia.aero\/tr\/wp-json\/wp\/v2\/users\/1"}],"replies":[{"embeddable":true,"href":"https:\/\/flyanatolia.aero\/tr\/wp-json\/wp\/v2\/comments?post=3278"}],"version-history":[{"count":50,"href":"https:\/\/flyanatolia.aero\/tr\/wp-json\/wp\/v2\/pages\/3278\/revisions"}],"predecessor-version":[{"id":5866,"href":"https:\/\/flyanatolia.aero\/tr\/wp-json\/wp\/v2\/pages\/3278\/revisions\/5866"}],"wp:attachment":[{"href":"https:\/\/flyanatolia.aero\/tr\/wp-json\/wp\/v2\/media?parent=3278"}],"curies":[{"name":"wp","href":"https:\/\/api.w.org\/{rel}","templated":true}]}}